{"id":63,"date":"2017-08-19T00:35:04","date_gmt":"2017-08-19T00:35:04","guid":{"rendered":"http:\/\/construction.oceanwp.org\/?page_id=63"},"modified":"2024-07-28T17:05:51","modified_gmt":"2024-07-28T15:05:51","slug":"klient_biznesowy","status":"publish","type":"page","link":"https:\/\/danzicacustom.pl\/?page_id=63","title":{"rendered":"Klient biznesowy"},"content":{"rendered":"\t\t<div data-elementor-type=\"wp-post\" data-elementor-id=\"63\" class=\"elementor elementor-63\">\n\t\t\t\t\t\t\t\t\t<section class=\"elementor-section elementor-top-section elementor-element elementor-element-0655490 elementor-section-boxed elementor-section-height-default elementor-section-height-default\" data-id=\"0655490\" data-element_type=\"section\">\n\t\t\t\t\t\t<div class=\"elementor-container elementor-column-gap-no\">\n\t\t\t\t\t<div class=\"elementor-column elementor-col-100 elementor-top-column elementor-element elementor-element-02bf94e\" data-id=\"02bf94e\" data-element_type=\"column\">\n\t\t\t<div class=\"elementor-widget-wrap elementor-element-populated\">\n\t\t\t\t\t\t\t\t<div class=\"elementor-element elementor-element-c77b118 no-margin elementor-widget elementor-widget-heading\" data-id=\"c77b118\" data-element_type=\"widget\" data-widget_type=\"heading.default\">\n\t\t\t\t<div class=\"elementor-widget-container\">\n\t\t\t<style>\/*! elementor - v3.18.0 - 20-12-2023 *\/\n.elementor-heading-title{padding:0;margin:0;line-height:1}.elementor-widget-heading .elementor-heading-title[class*=elementor-size-]>a{color:inherit;font-size:inherit;line-height:inherit}.elementor-widget-heading .elementor-heading-title.elementor-size-small{font-size:15px}.elementor-widget-heading .elementor-heading-title.elementor-size-medium{font-size:19px}.elementor-widget-heading .elementor-heading-title.elementor-size-large{font-size:29px}.elementor-widget-heading .elementor-heading-title.elementor-size-xl{font-size:39px}.elementor-widget-heading .elementor-heading-title.elementor-size-xxl{font-size:59px}<\/style><h2 class=\"elementor-heading-title elementor-size-default\">architekt wn\u0119trz<\/h2>\t\t<\/div>\n\t\t\t\t<\/div>\n\t\t\t\t<div class=\"elementor-element elementor-element-3d3889f elementor-widget-divider--separator-type-pattern elementor-widget-divider--view-line elementor-widget elementor-widget-divider\" data-id=\"3d3889f\" data-element_type=\"widget\" data-widget_type=\"divider.default\">\n\t\t\t\t<div class=\"elementor-widget-container\">\n\t\t\t<style>\/*! elementor - v3.18.0 - 20-12-2023 *\/\n.elementor-widget-divider{--divider-border-style:none;--divider-border-width:1px;--divider-color:#0c0d0e;--divider-icon-size:20px;--divider-element-spacing:10px;--divider-pattern-height:24px;--divider-pattern-size:20px;--divider-pattern-url:none;--divider-pattern-repeat:repeat-x}.elementor-widget-divider .elementor-divider{display:flex}.elementor-widget-divider .elementor-divider__text{font-size:15px;line-height:1;max-width:95%}.elementor-widget-divider .elementor-divider__element{margin:0 var(--divider-element-spacing);flex-shrink:0}.elementor-widget-divider .elementor-icon{font-size:var(--divider-icon-size)}.elementor-widget-divider .elementor-divider-separator{display:flex;margin:0;direction:ltr}.elementor-widget-divider--view-line_icon .elementor-divider-separator,.elementor-widget-divider--view-line_text .elementor-divider-separator{align-items:center}.elementor-widget-divider--view-line_icon .elementor-divider-separator:after,.elementor-widget-divider--view-line_icon .elementor-divider-separator:before,.elementor-widget-divider--view-line_text .elementor-divider-separator:after,.elementor-widget-divider--view-line_text .elementor-divider-separator:before{display:block;content:\"\";border-bottom:0;flex-grow:1;border-top:var(--divider-border-width) var(--divider-border-style) var(--divider-color)}.elementor-widget-divider--element-align-left .elementor-divider .elementor-divider-separator>.elementor-divider__svg:first-of-type{flex-grow:0;flex-shrink:100}.elementor-widget-divider--element-align-left .elementor-divider-separator:before{content:none}.elementor-widget-divider--element-align-left .elementor-divider__element{margin-left:0}.elementor-widget-divider--element-align-right .elementor-divider .elementor-divider-separator>.elementor-divider__svg:last-of-type{flex-grow:0;flex-shrink:100}.elementor-widget-divider--element-align-right .elementor-divider-separator:after{content:none}.elementor-widget-divider--element-align-right .elementor-divider__element{margin-right:0}.elementor-widget-divider:not(.elementor-widget-divider--view-line_text):not(.elementor-widget-divider--view-line_icon) .elementor-divider-separator{border-top:var(--divider-border-width) var(--divider-border-style) var(--divider-color)}.elementor-widget-divider--separator-type-pattern{--divider-border-style:none}.elementor-widget-divider--separator-type-pattern.elementor-widget-divider--view-line .elementor-divider-separator,.elementor-widget-divider--separator-type-pattern:not(.elementor-widget-divider--view-line) .elementor-divider-separator:after,.elementor-widget-divider--separator-type-pattern:not(.elementor-widget-divider--view-line) .elementor-divider-separator:before,.elementor-widget-divider--separator-type-pattern:not([class*=elementor-widget-divider--view]) .elementor-divider-separator{width:100%;min-height:var(--divider-pattern-height);-webkit-mask-size:var(--divider-pattern-size) 100%;mask-size:var(--divider-pattern-size) 100%;-webkit-mask-repeat:var(--divider-pattern-repeat);mask-repeat:var(--divider-pattern-repeat);background-color:var(--divider-color);-webkit-mask-image:var(--divider-pattern-url);mask-image:var(--divider-pattern-url)}.elementor-widget-divider--no-spacing{--divider-pattern-size:auto}.elementor-widget-divider--bg-round{--divider-pattern-repeat:round}.rtl .elementor-widget-divider .elementor-divider__text{direction:rtl}.e-con-inner>.elementor-widget-divider,.e-con>.elementor-widget-divider{width:var(--container-widget-width,100%);--flex-grow:var(--container-widget-flex-grow)}<\/style>\t\t<div class=\"elementor-divider\" style=\"--divider-pattern-url: url(&quot;data:image\/svg+xml,%3Csvg xmlns=&#039;http:\/\/www.w3.org\/2000\/svg&#039; preserveAspectRatio=&#039;none&#039; overflow=&#039;visible&#039; height=&#039;100%&#039; viewBox=&#039;0 0 24 24&#039; fill=&#039;black&#039; stroke=&#039;none&#039;%3E%3Cpolygon points=&#039;9.4,2 24,2 14.6,21.6 0,21.6&#039;\/%3E%3C\/svg%3E&quot;);\">\n\t\t\t<span class=\"elementor-divider-separator\">\n\t\t\t\t\t\t<\/span>\n\t\t<\/div>\n\t\t\t\t<\/div>\n\t\t\t\t<\/div>\n\t\t\t\t\t<\/div>\n\t\t<\/div>\n\t\t\t\t\t\t\t<\/div>\n\t\t<\/section>\n\t\t<div class=\"elementor-element elementor-element-3770a06 e-flex e-con-boxed e-con e-parent\" data-id=\"3770a06\" data-element_type=\"container\" data-settings=\"{&quot;content_width&quot;:&quot;boxed&quot;}\" data-core-v316-plus=\"true\">\n\t\t\t\t\t<div class=\"e-con-inner\">\n\t\t<div class=\"elementor-element elementor-element-ad3c4ea e-con-full e-flex e-con e-child\" data-id=\"ad3c4ea\" data-element_type=\"container\" data-settings=\"{&quot;content_width&quot;:&quot;full&quot;}\">\n\t\t\t\t<div class=\"elementor-element elementor-element-12f7991 elementor-widget elementor-widget-image\" data-id=\"12f7991\" data-element_type=\"widget\" data-widget_type=\"image.default\">\n\t\t\t\t<div class=\"elementor-widget-container\">\n\t\t\t<style>\/*! elementor - v3.18.0 - 20-12-2023 *\/\n.elementor-widget-image{text-align:center}.elementor-widget-image a{display:inline-block}.elementor-widget-image a img[src$=\".svg\"]{width:48px}.elementor-widget-image img{vertical-align:middle;display:inline-block}<\/style>\t\t\t\t\t\t\t\t\t\t\t\t<img fetchpriority=\"high\" decoding=\"async\" width=\"768\" height=\"768\" src=\"https:\/\/danzicacustom.pl\/wp-content\/uploads\/2024\/07\/WhatsApp-Image-2024-07-28-at-16.51.34-768x768.jpeg\" class=\"attachment-medium_large size-medium_large wp-image-671\" alt=\"\" srcset=\"https:\/\/danzicacustom.pl\/wp-content\/uploads\/2024\/07\/WhatsApp-Image-2024-07-28-at-16.51.34-768x768.jpeg 768w, https:\/\/danzicacustom.pl\/wp-content\/uploads\/2024\/07\/WhatsApp-Image-2024-07-28-at-16.51.34-300x300.jpeg 300w, https:\/\/danzicacustom.pl\/wp-content\/uploads\/2024\/07\/WhatsApp-Image-2024-07-28-at-16.51.34-1024x1024.jpeg 1024w, https:\/\/danzicacustom.pl\/wp-content\/uploads\/2024\/07\/WhatsApp-Image-2024-07-28-at-16.51.34-150x150.jpeg 150w, https:\/\/danzicacustom.pl\/wp-content\/uploads\/2024\/07\/WhatsApp-Image-2024-07-28-at-16.51.34-600x600.jpeg 600w, https:\/\/danzicacustom.pl\/wp-content\/uploads\/2024\/07\/WhatsApp-Image-2024-07-28-at-16.51.34.jpeg 1496w\" sizes=\"(max-width: 768px) 100vw, 768px\" \/>\t\t\t\t\t\t\t\t\t\t\t\t\t\t\t<\/div>\n\t\t\t\t<\/div>\n\t\t\t\t<\/div>\n\t\t<div class=\"elementor-element elementor-element-7eafc1c e-con-full e-flex e-con e-child\" data-id=\"7eafc1c\" data-element_type=\"container\" data-settings=\"{&quot;content_width&quot;:&quot;full&quot;}\">\n\t\t\t\t<div class=\"elementor-element elementor-element-3aa6907 elementor-widget elementor-widget-text-editor\" data-id=\"3aa6907\" data-element_type=\"widget\" data-widget_type=\"text-editor.default\">\n\t\t\t\t<div class=\"elementor-widget-container\">\n\t\t\t<style>\/*! elementor - v3.18.0 - 20-12-2023 *\/\n.elementor-widget-text-editor.elementor-drop-cap-view-stacked .elementor-drop-cap{background-color:#69727d;color:#fff}.elementor-widget-text-editor.elementor-drop-cap-view-framed .elementor-drop-cap{color:#69727d;border:3px solid;background-color:transparent}.elementor-widget-text-editor:not(.elementor-drop-cap-view-default) .elementor-drop-cap{margin-top:8px}.elementor-widget-text-editor:not(.elementor-drop-cap-view-default) .elementor-drop-cap-letter{width:1em;height:1em}.elementor-widget-text-editor .elementor-drop-cap{float:left;text-align:center;line-height:1;font-size:50px}.elementor-widget-text-editor .elementor-drop-cap-letter{display:inline-block}<\/style>\t\t\t\t<p>Oferujemy realizacj\u0119 projekt\u00f3w architekt\u00f3w wn\u0119trz. Wykonujemy zabudowy meblowe oraz meble wolnostoj\u0105ce. Pracujemy z szerok\u0105 gam\u0105 materia\u0142\u00f3w: p\u0142yty meblowe, forniry, lite drewno, coriany, kamienie, metale, szk\u0142o itp. Pracujemy na p\u0142ytach meblowych wszystkich dost\u0119pnych producent\u00f3w. Oferujemy szereg us\u0142ug dodatkowych, jakich jak us\u0142ugi tapicerskie, pod\u0142\u0105czenia hydrauliczne i elektryczne.<\/p><p>(fotografia przedstawia jedn\u0105 z naszych realizacji)<\/p>\t\t\t\t\t\t<\/div>\n\t\t\t\t<\/div>\n\t\t\t\t<\/div>\n\t\t\t\t\t<\/div>\n\t\t\t\t<\/div>\n\t\t\t\t<section class=\"elementor-section elementor-top-section elementor-element elementor-element-7c9df16 elementor-section-boxed elementor-section-height-default elementor-section-height-default\" data-id=\"7c9df16\" data-element_type=\"section\">\n\t\t\t\t\t\t<div class=\"elementor-container elementor-column-gap-no\">\n\t\t\t\t\t<div class=\"elementor-column elementor-col-100 elementor-top-column elementor-element elementor-element-feb9dce\" data-id=\"feb9dce\" data-element_type=\"column\">\n\t\t\t<div class=\"elementor-widget-wrap elementor-element-populated\">\n\t\t\t\t\t\t\t\t<div class=\"elementor-element elementor-element-f6818ae no-margin elementor-widget elementor-widget-heading\" data-id=\"f6818ae\" data-element_type=\"widget\" data-widget_type=\"heading.default\">\n\t\t\t\t<div class=\"elementor-widget-container\">\n\t\t\t<h2 class=\"elementor-heading-title elementor-size-default\">FIRMA \"pod klucz\"<\/h2>\t\t<\/div>\n\t\t\t\t<\/div>\n\t\t\t\t<div class=\"elementor-element elementor-element-8814b50 elementor-widget-divider--separator-type-pattern elementor-widget-divider--view-line elementor-widget elementor-widget-divider\" data-id=\"8814b50\" data-element_type=\"widget\" data-widget_type=\"divider.default\">\n\t\t\t\t<div class=\"elementor-widget-container\">\n\t\t\t\t\t<div class=\"elementor-divider\" style=\"--divider-pattern-url: url(&quot;data:image\/svg+xml,%3Csvg xmlns=&#039;http:\/\/www.w3.org\/2000\/svg&#039; preserveAspectRatio=&#039;none&#039; overflow=&#039;visible&#039; height=&#039;100%&#039; viewBox=&#039;0 0 24 24&#039; fill=&#039;black&#039; stroke=&#039;none&#039;%3E%3Cpolygon points=&#039;9.4,2 24,2 14.6,21.6 0,21.6&#039;\/%3E%3C\/svg%3E&quot;);\">\n\t\t\t<span class=\"elementor-divider-separator\">\n\t\t\t\t\t\t<\/span>\n\t\t<\/div>\n\t\t\t\t<\/div>\n\t\t\t\t<\/div>\n\t\t\t\t\t<\/div>\n\t\t<\/div>\n\t\t\t\t\t\t\t<\/div>\n\t\t<\/section>\n\t\t<div class=\"elementor-element elementor-element-12af21b e-flex e-con-boxed e-con e-parent\" data-id=\"12af21b\" data-element_type=\"container\" data-settings=\"{&quot;content_width&quot;:&quot;boxed&quot;}\" data-core-v316-plus=\"true\">\n\t\t\t\t\t<div class=\"e-con-inner\">\n\t\t<div class=\"elementor-element elementor-element-0ad8c84 e-con-full e-flex e-con e-child\" data-id=\"0ad8c84\" data-element_type=\"container\" data-settings=\"{&quot;content_width&quot;:&quot;full&quot;}\">\n\t\t\t\t<div class=\"elementor-element elementor-element-3604e23 elementor-widget elementor-widget-text-editor\" data-id=\"3604e23\" data-element_type=\"widget\" data-widget_type=\"text-editor.default\">\n\t\t\t\t<div class=\"elementor-widget-container\">\n\t\t\t\t\t\t\t<p>Oferujemy us\u0142ugi meblowania mieszka\u0144 i innych obiekt\u00f3w dla firm realizuj\u0105cych wyka\u0144czanie mieszka\u0144 pod klucz. Wykonujemy zabudowy meblowe do wszystkich pomieszcze\u0144. Zapewniamy terminowo\u015b\u0107 oraz wysok\u0105 jako\u015b\u0107 us\u0142ugi. Zapewniamy bardzo dobry kontakt na ka\u017cdym etapie realizacji.\u00a0<span style=\"font-family: 'Source Sans Pro'; font-size: 15px; font-style: normal; font-variant-ligatures: normal; font-variant-caps: normal; font-weight: 400; text-align: var(--text-align);\">Oferujemy szereg us\u0142ug dodatkowych, jakich jak us\u0142ugi tapicerskie, pod\u0142\u0105czenia hydrauliczne i elektryczne.<\/span><\/p><p><span style=\"font-family: 'Source Sans Pro'; font-size: 15px; font-style: normal; font-variant-ligatures: normal; font-variant-caps: normal; font-weight: 400;\">(fotografia przedstawia jedn\u0105 z naszych realizacji)<\/span><span style=\"font-family: 'Source Sans Pro'; font-size: 15px; font-style: normal; font-variant-ligatures: normal; font-variant-caps: normal; font-weight: 400; text-align: var(--text-align);\"><br \/><\/span><\/p><p>\u00a0<\/p>\t\t\t\t\t\t<\/div>\n\t\t\t\t<\/div>\n\t\t\t\t<\/div>\n\t\t<div class=\"elementor-element elementor-element-6fa01ee e-con-full e-flex e-con e-child\" data-id=\"6fa01ee\" data-element_type=\"container\" data-settings=\"{&quot;content_width&quot;:&quot;full&quot;}\">\n\t\t\t\t<div class=\"elementor-element elementor-element-8349edf elementor-widget elementor-widget-image\" data-id=\"8349edf\" data-element_type=\"widget\" data-widget_type=\"image.default\">\n\t\t\t\t<div class=\"elementor-widget-container\">\n\t\t\t\t\t\t\t\t\t\t\t\t\t\t\t<img decoding=\"async\" width=\"768\" height=\"768\" src=\"https:\/\/danzicacustom.pl\/wp-content\/uploads\/2024\/07\/20230129_124744-768x768.jpg\" class=\"attachment-medium_large size-medium_large wp-image-672\" alt=\"\" srcset=\"https:\/\/danzicacustom.pl\/wp-content\/uploads\/2024\/07\/20230129_124744-768x768.jpg 768w, https:\/\/danzicacustom.pl\/wp-content\/uploads\/2024\/07\/20230129_124744-300x300.jpg 300w, https:\/\/danzicacustom.pl\/wp-content\/uploads\/2024\/07\/20230129_124744-1024x1024.jpg 1024w, https:\/\/danzicacustom.pl\/wp-content\/uploads\/2024\/07\/20230129_124744-150x150.jpg 150w, https:\/\/danzicacustom.pl\/wp-content\/uploads\/2024\/07\/20230129_124744-1536x1536.jpg 1536w, https:\/\/danzicacustom.pl\/wp-content\/uploads\/2024\/07\/20230129_124744-2048x2048.jpg 2048w, https:\/\/danzicacustom.pl\/wp-content\/uploads\/2024\/07\/20230129_124744-600x600.jpg 600w\" sizes=\"(max-width: 768px) 100vw, 768px\" \/>\t\t\t\t\t\t\t\t\t\t\t\t\t\t\t<\/div>\n\t\t\t\t<\/div>\n\t\t\t\t<\/div>\n\t\t\t\t\t<\/div>\n\t\t\t\t<\/div>\n\t\t\t\t<section class=\"elementor-section elementor-top-section elementor-element elementor-element-aad52b3 elementor-section-boxed elementor-section-height-default elementor-section-height-default\" data-id=\"aad52b3\" data-element_type=\"section\">\n\t\t\t\t\t\t<div class=\"elementor-container elementor-column-gap-no\">\n\t\t\t\t\t<div class=\"elementor-column elementor-col-100 elementor-top-column elementor-element elementor-element-ff483da\" data-id=\"ff483da\" data-element_type=\"column\">\n\t\t\t<div class=\"elementor-widget-wrap elementor-element-populated\">\n\t\t\t\t\t\t\t\t<div class=\"elementor-element elementor-element-f85f9d5 no-margin elementor-widget elementor-widget-heading\" data-id=\"f85f9d5\" data-element_type=\"widget\" data-widget_type=\"heading.default\">\n\t\t\t\t<div class=\"elementor-widget-container\">\n\t\t\t<h2 class=\"elementor-heading-title elementor-size-default\">wykonawca generalny obiektu komercyjnego<\/h2>\t\t<\/div>\n\t\t\t\t<\/div>\n\t\t\t\t<div class=\"elementor-element elementor-element-d651bda elementor-widget-divider--separator-type-pattern elementor-widget-divider--view-line elementor-widget elementor-widget-divider\" data-id=\"d651bda\" data-element_type=\"widget\" data-widget_type=\"divider.default\">\n\t\t\t\t<div class=\"elementor-widget-container\">\n\t\t\t\t\t<div class=\"elementor-divider\" style=\"--divider-pattern-url: url(&quot;data:image\/svg+xml,%3Csvg xmlns=&#039;http:\/\/www.w3.org\/2000\/svg&#039; preserveAspectRatio=&#039;none&#039; overflow=&#039;visible&#039; height=&#039;100%&#039; viewBox=&#039;0 0 24 24&#039; fill=&#039;black&#039; stroke=&#039;none&#039;%3E%3Cpolygon points=&#039;9.4,2 24,2 14.6,21.6 0,21.6&#039;\/%3E%3C\/svg%3E&quot;);\">\n\t\t\t<span class=\"elementor-divider-separator\">\n\t\t\t\t\t\t<\/span>\n\t\t<\/div>\n\t\t\t\t<\/div>\n\t\t\t\t<\/div>\n\t\t\t\t\t<\/div>\n\t\t<\/div>\n\t\t\t\t\t\t\t<\/div>\n\t\t<\/section>\n\t\t<div class=\"elementor-element elementor-element-46e15a3 e-flex e-con-boxed e-con e-parent\" data-id=\"46e15a3\" data-element_type=\"container\" data-settings=\"{&quot;content_width&quot;:&quot;boxed&quot;}\" data-core-v316-plus=\"true\">\n\t\t\t\t\t<div class=\"e-con-inner\">\n\t\t<div class=\"elementor-element elementor-element-fd07c26 e-con-full e-flex e-con e-child\" data-id=\"fd07c26\" data-element_type=\"container\" data-settings=\"{&quot;content_width&quot;:&quot;full&quot;}\">\n\t\t\t\t<div class=\"elementor-element elementor-element-5484177 elementor-widget elementor-widget-image\" data-id=\"5484177\" data-element_type=\"widget\" data-widget_type=\"image.default\">\n\t\t\t\t<div class=\"elementor-widget-container\">\n\t\t\t\t\t\t\t\t\t\t\t\t\t\t\t<img decoding=\"async\" width=\"768\" height=\"768\" src=\"https:\/\/danzicacustom.pl\/wp-content\/uploads\/2024\/07\/WhatsApp-Image-2024-07-28-at-16.52.19-768x768.jpeg\" class=\"attachment-medium_large size-medium_large wp-image-673\" alt=\"\" srcset=\"https:\/\/danzicacustom.pl\/wp-content\/uploads\/2024\/07\/WhatsApp-Image-2024-07-28-at-16.52.19-768x768.jpeg 768w, https:\/\/danzicacustom.pl\/wp-content\/uploads\/2024\/07\/WhatsApp-Image-2024-07-28-at-16.52.19-300x300.jpeg 300w, https:\/\/danzicacustom.pl\/wp-content\/uploads\/2024\/07\/WhatsApp-Image-2024-07-28-at-16.52.19-1024x1024.jpeg 1024w, https:\/\/danzicacustom.pl\/wp-content\/uploads\/2024\/07\/WhatsApp-Image-2024-07-28-at-16.52.19-150x150.jpeg 150w, https:\/\/danzicacustom.pl\/wp-content\/uploads\/2024\/07\/WhatsApp-Image-2024-07-28-at-16.52.19-1536x1536.jpeg 1536w, https:\/\/danzicacustom.pl\/wp-content\/uploads\/2024\/07\/WhatsApp-Image-2024-07-28-at-16.52.19-600x600.jpeg 600w, https:\/\/danzicacustom.pl\/wp-content\/uploads\/2024\/07\/WhatsApp-Image-2024-07-28-at-16.52.19.jpeg 2048w\" sizes=\"(max-width: 768px) 100vw, 768px\" \/>\t\t\t\t\t\t\t\t\t\t\t\t\t\t\t<\/div>\n\t\t\t\t<\/div>\n\t\t\t\t<\/div>\n\t\t<div class=\"elementor-element elementor-element-d16b2cd e-con-full e-flex e-con e-child\" data-id=\"d16b2cd\" data-element_type=\"container\" data-settings=\"{&quot;content_width&quot;:&quot;full&quot;}\">\n\t\t\t\t<div class=\"elementor-element elementor-element-3ea1923 elementor-widget elementor-widget-text-editor\" data-id=\"3ea1923\" data-element_type=\"widget\" data-widget_type=\"text-editor.default\">\n\t\t\t\t<div class=\"elementor-widget-container\">\n\t\t\t\t\t\t\t<p>Oferujemy zabudowy meblowe oraz zabudowy \u015bcian i sufit\u00f3w z materia\u0142\u00f3w drewnianych i drewnopochodnych. Pracujemy r\u00f3wnie\u017c z materia\u0142ami trudnopalnymi i niepalnymi. Realizujemy zlecenia na terenie ca\u0142ego kraju. Oferujemy konkurencyjne ceny, wysok\u0105 jako\u015b\u0107 us\u0142ugi, terminowo\u015b\u0107 oraz doskona\u0142y kontakt na ka\u017cdym etapie realizacji.<\/p><p><span style=\"font-family: &quot;Source Sans Pro&quot;; font-size: 15px; font-style: normal; font-variant-ligatures: normal; font-variant-caps: normal; font-weight: 400;\">(fotografia przedstawia jedn\u0105 z naszych realizacji)<\/span><br><\/p>\t\t\t\t\t\t<\/div>\n\t\t\t\t<\/div>\n\t\t\t\t<\/div>\n\t\t\t\t\t<\/div>\n\t\t\t\t<\/div>\n\t\t\t\t\t\t\t<\/div>\n\t\t","protected":false},"excerpt":{"rendered":"<p>architekt wn\u0119trz Oferujemy realizacj\u0119 projekt\u00f3w architekt\u00f3w wn\u0119trz. Wykonujemy zabudowy meblowe oraz meble wolnostoj\u0105ce. Pracujemy z szerok\u0105 gam\u0105 materia\u0142\u00f3w: p\u0142yty meblowe, forniry, lite drewno, coriany, kamienie, metale, szk\u0142o itp. Pracujemy na p\u0142ytach meblowych wszystkich dost\u0119pnych producent\u00f3w. Oferujemy szereg us\u0142ug dodatkowych, jakich jak us\u0142ugi tapicerskie, pod\u0142\u0105czenia hydrauliczne i elektryczne. (fotografia przedstawia jedn\u0105 z naszych realizacji) FIRMA &#8220;pod [&hellip;]<\/p>\n","protected":false},"author":1,"featured_media":0,"parent":0,"menu_order":0,"comment_status":"closed","ping_status":"closed","template":"","meta":{"footnotes":""},"class_list":["post-63","page","type-page","status-publish","hentry","entry"],"_links":{"self":[{"href":"https:\/\/danzicacustom.pl\/index.php?rest_route=\/wp\/v2\/pages\/63","targetHints":{"allow":["GET"]}}],"collection":[{"href":"https:\/\/danzicacustom.pl\/index.php?rest_route=\/wp\/v2\/pages"}],"about":[{"href":"https:\/\/danzicacustom.pl\/index.php?rest_route=\/wp\/v2\/types\/page"}],"author":[{"embeddable":true,"href":"https:\/\/danzicacustom.pl\/index.php?rest_route=\/wp\/v2\/users\/1"}],"replies":[{"embeddable":true,"href":"https:\/\/danzicacustom.pl\/index.php?rest_route=%2Fwp%2Fv2%2Fcomments&post=63"}],"version-history":[{"count":10,"href":"https:\/\/danzicacustom.pl\/index.php?rest_route=\/wp\/v2\/pages\/63\/revisions"}],"predecessor-version":[{"id":682,"href":"https:\/\/danzicacustom.pl\/index.php?rest_route=\/wp\/v2\/pages\/63\/revisions\/682"}],"wp:attachment":[{"href":"https:\/\/danzicacustom.pl\/index.php?rest_route=%2Fwp%2Fv2%2Fmedia&parent=63"}],"curies":[{"name":"wp","href":"https:\/\/api.w.org\/{rel}","templated":true}]}}